{"id":2161,"date":"2026-02-04T21:35:52","date_gmt":"2026-02-04T20:35:52","guid":{"rendered":"https:\/\/eyesmilelaser.com\/documentacion-eye-smile-laser\/"},"modified":"2026-03-10T15:52:34","modified_gmt":"2026-03-10T14:52:34","slug":"documentation-eye-smile-laser","status":"publish","type":"page","link":"https:\/\/eyesmilelaser.com\/en\/documentation-eye-smile-laser\/","title":{"rendered":"Documentation"},"content":{"rendered":"\t\t<div data-elementor-type=\"wp-page\" data-elementor-id=\"2161\" class=\"elementor elementor-2161 elementor-1206\" data-elementor-post-type=\"page\">\n\t\t\t\t<div class=\"elementor-element elementor-element-948e9d1 e-flex e-con-boxed e-con e-parent\" data-id=\"948e9d1\" data-element_type=\"container\" data-e-type=\"container\" data-settings=\"{&quot;background_background&quot;:&quot;classic&quot;}\">\n\t\t\t\t\t<div class=\"e-con-inner\">\n\t\t\t\t<div class=\"elementor-element elementor-element-2fb0a4c elementor-widget elementor-widget-heading\" data-id=\"2fb0a4c\" data-element_type=\"widget\" data-e-type=\"widget\" data-widget_type=\"heading.default\">\n\t\t\t\t\t<h1 class=\"elementor-heading-title elementor-size-default\">Documentation<\/h1>\t\t\t\t<\/div>\n\t\t\t\t\t<\/div>\n\t\t\t\t<\/div>\n\t\t<div class=\"elementor-element elementor-element-3a8f55ae e-flex e-con-boxed e-con e-parent\" data-id=\"3a8f55ae\" data-element_type=\"container\" data-e-type=\"container\" data-settings=\"{&quot;background_background&quot;:&quot;classic&quot;}\">\n\t\t\t\t\t<div class=\"e-con-inner\">\n\t\t<div class=\"elementor-element elementor-element-27c7417a e-con-full e-flex e-con e-child\" data-id=\"27c7417a\" data-element_type=\"container\" data-e-type=\"container\">\n\t\t\t\t<div class=\"elementor-element elementor-element-13ffba49 elementor-view-default elementor-widget elementor-widget-icon\" data-id=\"13ffba49\" data-element_type=\"widget\" data-e-type=\"widget\" data-widget_type=\"icon.default\">\n\t\t\t\t\t\t\t<div class=\"elementor-icon-wrapper\">\n\t\t\t<a class=\"elementor-icon\" href=\"https:\/\/eyesmilelaser.com\/documentacion\/Tecnicas_laserIN.pdf\" target=\"_blank\">\n\t\t\t<svg aria-hidden=\"true\" class=\"e-font-icon-svg e-fas-file-pdf\" viewBox=\"0 0 384 512\" xmlns=\"http:\/\/www.w3.org\/2000\/svg\"><path d=\"M181.9 256.1c-5-16-4.9-46.9-2-46.9 8.4 0 7.6 36.9 2 46.9zm-1.7 47.2c-7.7 20.2-17.3 43.3-28.4 62.7 18.3-7 39-17.2 62.9-21.9-12.7-9.6-24.9-23.4-34.5-40.8zM86.1 428.1c0 .8 13.2-5.4 34.9-40.2-6.7 6.3-29.1 24.5-34.9 40.2zM248 160h136v328c0 13.3-10.7 24-24 24H24c-13.3 0-24-10.7-24-24V24C0 10.7 10.7 0 24 0h200v136c0 13.2 10.8 24 24 24zm-8 171.8c-20-12.2-33.3-29-42.7-53.8 4.5-18.5 11.6-46.6 6.2-64.2-4.7-29.4-42.4-26.5-47.8-6.8-5 18.3-.4 44.1 8.1 77-11.6 27.6-28.7 64.6-40.8 85.8-.1 0-.1.1-.2.1-27.1 13.9-73.6 44.5-54.5 68 5.6 6.9 16 10 21.5 10 17.9 0 35.7-18 61.1-61.8 25.8-8.5 54.1-19.1 79-23.2 21.7 11.8 47.1 19.5 64 19.5 29.2 0 31.2-32 19.7-43.4-13.9-13.6-54.3-9.7-73.6-7.2zM377 105L279 7c-4.5-4.5-10.6-7-17-7h-6v128h128v-6.1c0-6.3-2.5-12.4-7-16.9zm-74.1 255.3c4.1-2.7-2.5-11.9-42.8-9 37.1 15.8 42.8 9 42.8 9z\"><\/path><\/svg>\t\t\t<\/a>\n\t\t<\/div>\n\t\t\t\t\t\t<\/div>\n\t\t\t\t<div class=\"elementor-element elementor-element-1183b990 elementor-widget elementor-widget-heading\" data-id=\"1183b990\" data-element_type=\"widget\" data-e-type=\"widget\" data-widget_type=\"heading.default\">\n\t\t\t\t\t<p class=\"elementor-heading-title elementor-size-default\"><a href=\"https:\/\/eyesmilelaser.com\/documentacion\/Tecnicas_laserIN.pdf\" target=\"_blank\">Explanation of the three techniques we will be performing: PRK, LASIK, and RELEX SMILE.<\/a><\/p>\t\t\t\t<\/div>\n\t\t\t\t<\/div>\n\t\t<div class=\"elementor-element elementor-element-36651740 e-con-full e-flex e-con e-child\" data-id=\"36651740\" data-element_type=\"container\" data-e-type=\"container\">\n\t\t\t\t<div class=\"elementor-element elementor-element-3fd242 elementor-view-default elementor-widget elementor-widget-icon\" data-id=\"3fd242\" data-element_type=\"widget\" data-e-type=\"widget\" data-widget_type=\"icon.default\">\n\t\t\t\t\t\t\t<div class=\"elementor-icon-wrapper\">\n\t\t\t<a class=\"elementor-icon\" href=\"https:\/\/eyesmilelaser.com\/documentacion\/CONSENTIMIENTO_INFORMADO_PRK.pdf\" target=\"_blank\">\n\t\t\t<svg aria-hidden=\"true\" class=\"e-font-icon-svg e-fas-file-pdf\" viewBox=\"0 0 384 512\" xmlns=\"http:\/\/www.w3.org\/2000\/svg\"><path d=\"M181.9 256.1c-5-16-4.9-46.9-2-46.9 8.4 0 7.6 36.9 2 46.9zm-1.7 47.2c-7.7 20.2-17.3 43.3-28.4 62.7 18.3-7 39-17.2 62.9-21.9-12.7-9.6-24.9-23.4-34.5-40.8zM86.1 428.1c0 .8 13.2-5.4 34.9-40.2-6.7 6.3-29.1 24.5-34.9 40.2zM248 160h136v328c0 13.3-10.7 24-24 24H24c-13.3 0-24-10.7-24-24V24C0 10.7 10.7 0 24 0h200v136c0 13.2 10.8 24 24 24zm-8 171.8c-20-12.2-33.3-29-42.7-53.8 4.5-18.5 11.6-46.6 6.2-64.2-4.7-29.4-42.4-26.5-47.8-6.8-5 18.3-.4 44.1 8.1 77-11.6 27.6-28.7 64.6-40.8 85.8-.1 0-.1.1-.2.1-27.1 13.9-73.6 44.5-54.5 68 5.6 6.9 16 10 21.5 10 17.9 0 35.7-18 61.1-61.8 25.8-8.5 54.1-19.1 79-23.2 21.7 11.8 47.1 19.5 64 19.5 29.2 0 31.2-32 19.7-43.4-13.9-13.6-54.3-9.7-73.6-7.2zM377 105L279 7c-4.5-4.5-10.6-7-17-7h-6v128h128v-6.1c0-6.3-2.5-12.4-7-16.9zm-74.1 255.3c4.1-2.7-2.5-11.9-42.8-9 37.1 15.8 42.8 9 42.8 9z\"><\/path><\/svg>\t\t\t<\/a>\n\t\t<\/div>\n\t\t\t\t\t\t<\/div>\n\t\t\t\t<div class=\"elementor-element elementor-element-6ff14885 elementor-widget elementor-widget-heading\" data-id=\"6ff14885\" data-element_type=\"widget\" data-e-type=\"widget\" data-widget_type=\"heading.default\">\n\t\t\t\t\t<p class=\"elementor-heading-title elementor-size-default\"><a href=\"https:\/\/eyesmilelaser.com\/documentacion\/CONSENTIMIENTO_INFORMADO_PRK.pdf\" target=\"_blank\">PRK informed consent<\/a><\/p>\t\t\t\t<\/div>\n\t\t\t\t<\/div>\n\t\t<div class=\"elementor-element elementor-element-1622223c e-con-full e-flex e-con e-child\" data-id=\"1622223c\" data-element_type=\"container\" data-e-type=\"container\">\n\t\t\t\t<div class=\"elementor-element elementor-element-63163c21 elementor-view-default elementor-widget elementor-widget-icon\" data-id=\"63163c21\" data-element_type=\"widget\" data-e-type=\"widget\" data-widget_type=\"icon.default\">\n\t\t\t\t\t\t\t<div class=\"elementor-icon-wrapper\">\n\t\t\t<a class=\"elementor-icon\" href=\"https:\/\/eyesmilelaser.com\/documentacion\/CONSENTIMIENTO_INFORMADO_LASIK.pdf\" target=\"_blank\">\n\t\t\t<svg aria-hidden=\"true\" class=\"e-font-icon-svg e-fas-file-pdf\" viewBox=\"0 0 384 512\" xmlns=\"http:\/\/www.w3.org\/2000\/svg\"><path d=\"M181.9 256.1c-5-16-4.9-46.9-2-46.9 8.4 0 7.6 36.9 2 46.9zm-1.7 47.2c-7.7 20.2-17.3 43.3-28.4 62.7 18.3-7 39-17.2 62.9-21.9-12.7-9.6-24.9-23.4-34.5-40.8zM86.1 428.1c0 .8 13.2-5.4 34.9-40.2-6.7 6.3-29.1 24.5-34.9 40.2zM248 160h136v328c0 13.3-10.7 24-24 24H24c-13.3 0-24-10.7-24-24V24C0 10.7 10.7 0 24 0h200v136c0 13.2 10.8 24 24 24zm-8 171.8c-20-12.2-33.3-29-42.7-53.8 4.5-18.5 11.6-46.6 6.2-64.2-4.7-29.4-42.4-26.5-47.8-6.8-5 18.3-.4 44.1 8.1 77-11.6 27.6-28.7 64.6-40.8 85.8-.1 0-.1.1-.2.1-27.1 13.9-73.6 44.5-54.5 68 5.6 6.9 16 10 21.5 10 17.9 0 35.7-18 61.1-61.8 25.8-8.5 54.1-19.1 79-23.2 21.7 11.8 47.1 19.5 64 19.5 29.2 0 31.2-32 19.7-43.4-13.9-13.6-54.3-9.7-73.6-7.2zM377 105L279 7c-4.5-4.5-10.6-7-17-7h-6v128h128v-6.1c0-6.3-2.5-12.4-7-16.9zm-74.1 255.3c4.1-2.7-2.5-11.9-42.8-9 37.1 15.8 42.8 9 42.8 9z\"><\/path><\/svg>\t\t\t<\/a>\n\t\t<\/div>\n\t\t\t\t\t\t<\/div>\n\t\t\t\t<div class=\"elementor-element elementor-element-32bbe82c elementor-widget elementor-widget-heading\" data-id=\"32bbe82c\" data-element_type=\"widget\" data-e-type=\"widget\" data-widget_type=\"heading.default\">\n\t\t\t\t\t<p class=\"elementor-heading-title elementor-size-default\"><a href=\"https:\/\/eyesmilelaser.com\/documentacion\/CONSENTIMIENTO_INFORMADO_LASIK.pdf\" target=\"_blank\">LASIK informed consent\n<\/a><\/p>\t\t\t\t<\/div>\n\t\t\t\t<\/div>\n\t\t<div class=\"elementor-element elementor-element-2cdeacfe e-con-full e-flex e-con e-child\" data-id=\"2cdeacfe\" data-element_type=\"container\" data-e-type=\"container\">\n\t\t\t\t<div class=\"elementor-element elementor-element-7d229a96 elementor-view-default elementor-widget elementor-widget-icon\" data-id=\"7d229a96\" data-element_type=\"widget\" data-e-type=\"widget\" data-widget_type=\"icon.default\">\n\t\t\t\t\t\t\t<div class=\"elementor-icon-wrapper\">\n\t\t\t<a class=\"elementor-icon\" href=\"https:\/\/eyesmilelaser.com\/documentacion\/CONSENTIMIENTO_INFORMADO_RELEX_SMILE.pdf\" target=\"_blank\">\n\t\t\t<svg aria-hidden=\"true\" class=\"e-font-icon-svg e-fas-file-pdf\" viewBox=\"0 0 384 512\" xmlns=\"http:\/\/www.w3.org\/2000\/svg\"><path d=\"M181.9 256.1c-5-16-4.9-46.9-2-46.9 8.4 0 7.6 36.9 2 46.9zm-1.7 47.2c-7.7 20.2-17.3 43.3-28.4 62.7 18.3-7 39-17.2 62.9-21.9-12.7-9.6-24.9-23.4-34.5-40.8zM86.1 428.1c0 .8 13.2-5.4 34.9-40.2-6.7 6.3-29.1 24.5-34.9 40.2zM248 160h136v328c0 13.3-10.7 24-24 24H24c-13.3 0-24-10.7-24-24V24C0 10.7 10.7 0 24 0h200v136c0 13.2 10.8 24 24 24zm-8 171.8c-20-12.2-33.3-29-42.7-53.8 4.5-18.5 11.6-46.6 6.2-64.2-4.7-29.4-42.4-26.5-47.8-6.8-5 18.3-.4 44.1 8.1 77-11.6 27.6-28.7 64.6-40.8 85.8-.1 0-.1.1-.2.1-27.1 13.9-73.6 44.5-54.5 68 5.6 6.9 16 10 21.5 10 17.9 0 35.7-18 61.1-61.8 25.8-8.5 54.1-19.1 79-23.2 21.7 11.8 47.1 19.5 64 19.5 29.2 0 31.2-32 19.7-43.4-13.9-13.6-54.3-9.7-73.6-7.2zM377 105L279 7c-4.5-4.5-10.6-7-17-7h-6v128h128v-6.1c0-6.3-2.5-12.4-7-16.9zm-74.1 255.3c4.1-2.7-2.5-11.9-42.8-9 37.1 15.8 42.8 9 42.8 9z\"><\/path><\/svg>\t\t\t<\/a>\n\t\t<\/div>\n\t\t\t\t\t\t<\/div>\n\t\t\t\t<div class=\"elementor-element elementor-element-1505d40c elementor-widget elementor-widget-heading\" data-id=\"1505d40c\" data-element_type=\"widget\" data-e-type=\"widget\" data-widget_type=\"heading.default\">\n\t\t\t\t\t<p class=\"elementor-heading-title elementor-size-default\"><a href=\"https:\/\/eyesmilelaser.com\/documentacion\/CONSENTIMIENTO_INFORMADO_RELEX_SMILE.pdf\" target=\"_blank\">RELEX SMILE informed consent<\/a><\/p>\t\t\t\t<\/div>\n\t\t\t\t<\/div>\n\t\t\t\t\t<\/div>\n\t\t\t\t<\/div>\n\t\t<div class=\"elementor-element elementor-element-aef9bb1 e-flex e-con-boxed e-con e-parent\" data-id=\"aef9bb1\" data-element_type=\"container\" data-e-type=\"container\" data-settings=\"{&quot;background_background&quot;:&quot;classic&quot;}\">\n\t\t\t\t\t<div class=\"e-con-inner\">\n\t\t\t\t<div class=\"elementor-element elementor-element-48350bf elementor-widget elementor-widget-heading\" data-id=\"48350bf\" data-element_type=\"widget\" data-e-type=\"widget\" data-widget_type=\"heading.default\">\n\t\t\t\t\t<h2 class=\"elementor-heading-title elementor-size-default\">FemtoLASIK<\/h2>\t\t\t\t<\/div>\n\t\t\t\t\t<\/div>\n\t\t\t\t<\/div>\n\t\t<div class=\"elementor-element elementor-element-759ce719 e-flex e-con-boxed e-con e-parent\" data-id=\"759ce719\" data-element_type=\"container\" data-e-type=\"container\" data-settings=\"{&quot;background_background&quot;:&quot;classic&quot;}\">\n\t\t\t\t\t<div class=\"e-con-inner\">\n\t\t\t\t<div class=\"elementor-element elementor-element-7c551cc7 elementor-widget elementor-widget-text-editor\" data-id=\"7c551cc7\" data-element_type=\"widget\" data-e-type=\"widget\" data-widget_type=\"text-editor.default\">\n\t\t\t\t\t\t\t\t\tThe indications for Femtolasik include the correction of myopia, hyperopia and astigmatism in people over 18 years of age with a stable prescription for at least one year. It can also be used in cases of presbyopia, and in some variants such as Femtolasik Xtra for cases of medium-high myopia or hyperopia, although a comprehensive ophthalmological examination is essential to determine individual suitability.\n<h3>Conditions and corrections<\/h3>\n<ul>\n     <li><strong>Refractive errors:<\/strong> Myopia, hyperopia, astigmatism, and presbyopia.\n \t<li><strong>Stable prescription:<\/strong> No significant changes in the eye prescription in the last year. <\/li>\n     <li><strong>Age:<\/strong> Be over 18 years of age, although ideally over 21 for greater vision stability. <\/li>\n<\/ul>\n<h3>Specific cases<\/h3>\n<ul>\n \t<li><strong>Moderate to high myopia and hyperopia:<\/strong> The Femtolasik Xtra technique may be an option for these cases.\n     <li><strong>Keratoconus:<\/strong> It can be used in patients with keratoconus, even with normal previous studies, or to make incisions for intracorneal rings.\n \t<li><strong>Thin cornea:<\/strong> It may be a solution for patients with thin corneas who were not candidates for other techniques.\n     <li><strong>Cataract surgery:<\/strong> It has been incorporated as a technique to increase precision when making the incisions necessary for cataract removal and intraocular lens implantation.\n<\/ul>\n<h3>Important<\/h3>\n<ul>\n     <li>It is crucial to undergo a comprehensive ophthalmological examination to determine suitability for the procedure.<\/li>\n     <li>Prior evaluation is necessary to rule out eye diseases such as keratoconus or advanced glaucoma.<\/li>\n<\/ul>\t\t\t\t\t\t\t\t<\/div>\n\t\t\t\t\t<\/div>\n\t\t\t\t<\/div>\n\t\t<div class=\"elementor-element elementor-element-8c8f100 e-flex e-con-boxed e-con e-parent\" data-id=\"8c8f100\" data-element_type=\"container\" data-e-type=\"container\" data-settings=\"{&quot;background_background&quot;:&quot;classic&quot;}\">\n\t\t\t\t\t<div class=\"e-con-inner\">\n\t\t\t\t<div class=\"elementor-element elementor-element-267dd24 elementor-widget elementor-widget-heading\" data-id=\"267dd24\" data-element_type=\"widget\" data-e-type=\"widget\" data-widget_type=\"heading.default\">\n\t\t\t\t\t<h2 class=\"elementor-heading-title elementor-size-default\">PresbiLASIK<\/h2>\t\t\t\t<\/div>\n\t\t\t\t\t<\/div>\n\t\t\t\t<\/div>\n\t\t<div class=\"elementor-element elementor-element-59071d8a e-flex e-con-boxed e-con e-parent\" data-id=\"59071d8a\" data-element_type=\"container\" data-e-type=\"container\" data-settings=\"{&quot;background_background&quot;:&quot;classic&quot;}\">\n\t\t\t\t\t<div class=\"e-con-inner\">\n\t\t\t\t<div class=\"elementor-element elementor-element-24225cd elementor-widget elementor-widget-text-editor\" data-id=\"24225cd\" data-element_type=\"widget\" data-e-type=\"widget\" data-widget_type=\"text-editor.default\">\n\t\t\t\t\t\t\t\t\tThe main indications for PresbyLASIK are for people with presbyopia (eyestrain), especially those who also have myopia, hyperopia or astigmatism and who wish to correct their distance and near vision in a single surgery. The procedure is recommended for those who experience difficulty reading or seeing nearby objects, and the typical age is between 50 and 55, although this depends on the assessment of an ophthalmologist.\n<h3>Main indications<\/h3>\n<ul>\n \t<li>Presbyopia or eyestrain: This is the main indication, the difficulty in focusing on nearby objects that appears with age. <\/li>\n     <li>Combination with other refractive errors: Surgery can simultaneously correct presbyopia with other visual problems such as myopia, hyperopia or astigmatism. <\/li>\n \t<li>Difficulty reading and seeing up close: Symptoms include blurred vision when performing close-up tasks, such as reading or using a computer, and eye strain.<\/li>\n     <li>Need for lighting: People who require more light to perform close-up activities are also good candidates.<\/li>\n \t<li>Patients who do not want to wear glasses or contact lenses: Independence from reading glasses, bifocals or multifocal contact lenses is sought.\n     <li>Patients who already use intraocular lenses: It can be performed on patients who have had cataract surgery with lenses that only provide distance vision, to restore near vision.\n<\/ul>\n<h3>Features of the technique<\/h3>\n<ul>\n     <li>Vision at multiple distances: The aim is for the patient to be able to see far, near and at intermediate distances without the need for glasses.<\/li>\n \t<li>Advanced monovision or multifocal focus: This is achieved by customising the laser treatment, creating a subtle difference between both eyes to optimise vision at different distances.<\/li>\n     <li>Rapid recovery: Results are generally noticeable from the day after the procedure, although near vision may take a few more days to stabilise completely.<\/li>\n<\/ul>\t\t\t\t\t\t\t\t<\/div>\n\t\t\t\t\t<\/div>\n\t\t\t\t<\/div>\n\t\t<div class=\"elementor-element elementor-element-9de71ca e-flex e-con-boxed e-con e-parent\" data-id=\"9de71ca\" data-element_type=\"container\" data-e-type=\"container\" data-settings=\"{&quot;background_background&quot;:&quot;classic&quot;}\">\n\t\t\t\t\t<div class=\"e-con-inner\">\n\t\t\t\t<div class=\"elementor-element elementor-element-f084eab elementor-widget elementor-widget-heading\" data-id=\"f084eab\" data-element_type=\"widget\" data-e-type=\"widget\" data-widget_type=\"heading.default\">\n\t\t\t\t\t<h2 class=\"elementor-heading-title elementor-size-default\">ReLEx SMILE<\/h2>\t\t\t\t<\/div>\n\t\t\t\t\t<\/div>\n\t\t\t\t<\/div>\n\t\t<div class=\"elementor-element elementor-element-a753e38 e-flex e-con-boxed e-con e-parent\" data-id=\"a753e38\" data-element_type=\"container\" data-e-type=\"container\" data-settings=\"{&quot;background_background&quot;:&quot;classic&quot;}\">\n\t\t\t\t\t<div class=\"e-con-inner\">\n\t\t\t\t<div class=\"elementor-element elementor-element-2545fbc8 elementor-widget elementor-widget-text-editor\" data-id=\"2545fbc8\" data-element_type=\"widget\" data-e-type=\"widget\" data-widget_type=\"text-editor.default\">\n\t\t\t\t\t\t\t\t\t<strong>ReLEx SMILE<\/strong> is indicated for correcting myopia (up to -10 dioptres) and astigmatism (up to -5 dioptres) in adults with sufficient corneal thickness and stable refraction. It is ideal for active patients, especially athletes, and those seeking rapid recovery with a lower risk of complications, as it is a minimally invasive technique that does not require a flap.\n<h3>Indications and selection criteria<\/h3>\n<ul>\n    <li><strong>Refractive error<\/strong>: Myopia (between -0.5 and -10 dioptres) and\/or astigmatism (up to -5 dioptres).<\/li>\n \t<li><strong>Age:<\/strong> Over 18 years of age (some sources mention a minimum age of 18, while others suggest 21, so it is important to consult a professional).<\/li>\n     <li><strong>Stability of prescription:<\/strong> The refractive error must be stable, with no significant changes in the last year.\n \t<li><strong>Corneal thickness:<\/strong> Sufficient corneal thickness is necessary to perform the procedure.\n     <li><strong>Lifestyle:<\/strong> It is a good option for athletes, as the risk of complications from trauma is lower and the risk of complications is reduced.\n<\/ul>\n<h3>Before surgery<\/h3>\n<ul>\n     <li><strong>Avoid contact lenses:<\/strong> Do not wear contact lenses in the days leading up to surgery, and in some cases, until the eye can be manipulated.<\/li>\n \t<li><strong>Hygiene:<\/strong> Maintain good eye hygiene, but do not apply cosmetics such as make-up around the eyes the day before the operation.\n     <li><strong>Avoid excesses:<\/strong> It is advisable not to drink alcohol or smoke in the days leading up to the operation and to reduce heavy meals.\n \t<li><strong>Rest:<\/strong> It is important to get plenty of rest in the days leading up to the procedure.\n     <li><strong>Bring someone with you:<\/strong> It is advisable to bring someone with you on the day of the procedure.\n<\/ul>\n<h3>After surgery<\/h3>\n<ul>\n     <li><strong>Rest:<\/strong> Rest and keep your eyes closed for the first few hours, and avoid straining your eyes.\n     <li><strong>Do not rub your eyes:<\/strong> Avoid rubbing your eyes to prevent damage.\nAvoid risky activities: Avoid contact sports during the first few weeks.\n     <li><strong>Eye hygiene:<\/strong> Avoid using make-up, creams or lotions around the eye during the first month.\n \t<li><strong>Swimming and hot tubs:<\/strong> Avoid swimming, hot tubs and pools for 2 to 4 weeks.\n     <li><strong>Medical follow-up:<\/strong> Follow your doctor&#8217;s instructions and attend scheduled check-ups.\n<\/ul>\t\t\t\t\t\t\t\t<\/div>\n\t\t\t\t\t<\/div>\n\t\t\t\t<\/div>\n\t\t<div class=\"elementor-element elementor-element-fe97c82 e-flex e-con-boxed e-con e-parent\" data-id=\"fe97c82\" data-element_type=\"container\" data-e-type=\"container\" data-settings=\"{&quot;background_background&quot;:&quot;classic&quot;}\">\n\t\t\t\t\t<div class=\"e-con-inner\">\n\t\t\t\t<div class=\"elementor-element elementor-element-d219a20 elementor-widget elementor-widget-heading\" data-id=\"d219a20\" data-element_type=\"widget\" data-e-type=\"widget\" data-widget_type=\"heading.default\">\n\t\t\t\t\t<h2 class=\"elementor-heading-title elementor-size-default\">TransPRK<\/h2>\t\t\t\t<\/div>\n\t\t\t\t\t<\/div>\n\t\t\t\t<\/div>\n\t\t<div class=\"elementor-element elementor-element-7b4fe276 e-flex e-con-boxed e-con e-parent\" data-id=\"7b4fe276\" data-element_type=\"container\" data-e-type=\"container\" data-settings=\"{&quot;background_background&quot;:&quot;classic&quot;}\">\n\t\t\t\t\t<div class=\"e-con-inner\">\n\t\t\t\t<div class=\"elementor-element elementor-element-13bd2897 elementor-widget elementor-widget-text-editor\" data-id=\"13bd2897\" data-element_type=\"widget\" data-e-type=\"widget\" data-widget_type=\"text-editor.default\">\n\t\t\t\t\t\t\t\t\tTransPRK (Photo-Refractive Keratectomy) is indicated for the treatment of myopia, hyperopia and astigmatism, and is particularly beneficial for patients with thin corneas or who play contact sports, as it does not create a corneal flap. Ideal candidates are over 21 years of age, with stable vision for at least two years and no significant previous eye conditions.\n<h3>Ideal candidates<\/h3>\n<ul>\n    <li>Patients with myopia, hyperopia and\/or astigmatism.<\/li>\n    <li>People with thin corneas who are not suitable for LASIK.<\/li>\n    <li>Athletes or people with high-risk jobs who may suffer blows to the eyes.<\/li>\n \t<li>Patients with prescriptions generally lower than seven dioptres, although there are exceptions, as Miranza explains on YouTube.<\/li>\n<\/ul>\n<h3>Exclusion criteria<\/h3>\n<ul>\n     <li>Previous eye conditions or surgeries, such as previous refractive surgery, corneal transplant, glaucoma, cataracts, corneal ectasia, among others. <\/li>\n     <li>Patients under 21 years of age.\nUnstable vision during the last two years. <\/li>\n<\/ul>\n<h3>Additional considerations<\/h3>\n<ul>\n     <li>It is a surface technique that removes the epithelium (surface layer of the cornea) and reshapes the stroma with a laser in a single step. <\/li>\n \t<li>By not creating a flap, it reduces the risk of complications in active patients and decreases the risk of dry eye compared to LASIK.\n     <li>The postoperative period may be more uncomfortable than with other techniques, with discomfort and blurred vision during the first few days, but visual recovery is gradual.\n<\/ul>\t\t\t\t\t\t\t\t<\/div>\n\t\t\t\t\t<\/div>\n\t\t\t\t<\/div>\n\t\t\t\t<\/div>\n\t\t","protected":false},"excerpt":{"rendered":"<p>Documentation Explanation of the three techniques we will be performing: PRK, LASIK, and RELEX SMILE. PRK informed consent LASIK informed consent RELEX SMILE informed consent FemtoLASIK The indications for Femtolasik include the correction of myopia, hyperopia and astigmatism in people over 18 years of age with a stable prescription for at least one year. It [&hellip;]<\/p>\n","protected":false},"author":1,"featured_media":0,"parent":0,"menu_order":0,"comment_status":"closed","ping_status":"closed","template":"","meta":{"_seopress_robots_primary_cat":"","_seopress_titles_title":"Documentaci\u00f3n refractiva Barcelona","_seopress_titles_desc":"Documentaci\u00f3n sobre los tratamientos. Explicaci\u00f3n de las tres t\u00e9cnicas que vamos a realizar: PRK, LASIK y RELEX SMILE.","_seopress_robots_index":"","footnotes":""},"class_list":["post-2161","page","type-page","status-publish","hentry"],"_links":{"self":[{"href":"https:\/\/eyesmilelaser.com\/en\/wp-json\/wp\/v2\/pages\/2161","targetHints":{"allow":["GET"]}}],"collection":[{"href":"https:\/\/eyesmilelaser.com\/en\/wp-json\/wp\/v2\/pages"}],"about":[{"href":"https:\/\/eyesmilelaser.com\/en\/wp-json\/wp\/v2\/types\/page"}],"author":[{"embeddable":true,"href":"https:\/\/eyesmilelaser.com\/en\/wp-json\/wp\/v2\/users\/1"}],"replies":[{"embeddable":true,"href":"https:\/\/eyesmilelaser.com\/en\/wp-json\/wp\/v2\/comments?post=2161"}],"version-history":[{"count":11,"href":"https:\/\/eyesmilelaser.com\/en\/wp-json\/wp\/v2\/pages\/2161\/revisions"}],"predecessor-version":[{"id":3344,"href":"https:\/\/eyesmilelaser.com\/en\/wp-json\/wp\/v2\/pages\/2161\/revisions\/3344"}],"wp:attachment":[{"href":"https:\/\/eyesmilelaser.com\/en\/wp-json\/wp\/v2\/media?parent=2161"}],"curies":[{"name":"wp","href":"https:\/\/api.w.org\/{rel}","templated":true}]}}