{"id":2168,"date":"2025-08-29T10:30:14","date_gmt":"2025-08-29T08:30:14","guid":{"rendered":"https:\/\/eyesmilelaser.com\/politica-privacidad\/"},"modified":"2026-02-22T10:32:57","modified_gmt":"2026-02-22T09:32:57","slug":"politica-de-privadesa","status":"publish","type":"page","link":"https:\/\/eyesmilelaser.com\/ca\/politica-de-privadesa\/","title":{"rendered":"Pol\u00edtica de privadesa"},"content":{"rendered":"\t\t<div data-elementor-type=\"wp-page\" data-elementor-id=\"2168\" class=\"elementor elementor-2168 elementor-3\" data-elementor-post-type=\"page\">\n\t\t\t\t<div class=\"elementor-element elementor-element-106ed70 e-flex e-con-boxed e-con e-parent\" data-id=\"106ed70\" data-element_type=\"container\" data-e-type=\"container\" data-settings=\"{&quot;background_background&quot;:&quot;classic&quot;}\">\n\t\t\t\t\t<div class=\"e-con-inner\">\n\t\t\t\t<div class=\"elementor-element elementor-element-f2b2ce3 elementor-widget elementor-widget-heading\" data-id=\"f2b2ce3\" data-element_type=\"widget\" data-e-type=\"widget\" data-widget_type=\"heading.default\">\n\t\t\t\t\t<h3 class=\"elementor-heading-title elementor-size-default\">POL\u00cdTICA DE PRIVACITAT<\/h3>\t\t\t\t<\/div>\n\t\t\t\t\t<\/div>\n\t\t\t\t<\/div>\n\t\t<div class=\"elementor-element elementor-element-d8217a7 e-flex e-con-boxed e-con e-parent\" data-id=\"d8217a7\" data-element_type=\"container\" data-e-type=\"container\" data-settings=\"{&quot;background_background&quot;:&quot;classic&quot;}\">\n\t\t\t\t\t<div class=\"e-con-inner\">\n\t\t\t\t<div class=\"elementor-element elementor-element-a410f62 elementor-widget elementor-widget-text-editor\" data-id=\"a410f62\" data-element_type=\"widget\" data-e-type=\"widget\" data-widget_type=\"text-editor.default\">\n\t\t\t\t\t\t\t\t\t<p>Aquesta Pol\u00edtica de privadesa regeix la manera com Neweyes Tech, SL recopila, utilitza, mant\u00e9 i divulga la informaci\u00f3 recopilada dels usuaris (cadasc\u00fa, a \u201cUsuari\u201d) del lloc web https:\/\/eyesmilelaser.com\/ (\u201cLloc\u201d) . Aquesta pol\u00edtica de privadesa s&#8217;aplica al Lloc ia tots els productes i serveis oferts per Neweyes Tech, SL.<\/p><p><strong>Informaci\u00f3 d&#8217;identificaci\u00f3 personal<\/strong><\/p><p>Podem recopilar informaci\u00f3 d&#8217;identificaci\u00f3 personal dels Usuaris de diferents maneres, fins i tot, entre d&#8217;altres, quan els Usuaris visiten el nostre lloc, completen un formulari i en relaci\u00f3 amb altres activitats, serveis, caracter\u00edstiques o recursos que posem a disposici\u00f3 al nostre Lloc. Podeu demanar als usuaris, segons correspongui, un nom. No obstant aix\u00f2, els usuaris poden visitar el nostre lloc de manera an\u00f2nima. Recopilarem informaci\u00f3 d&#8217;identificaci\u00f3 personal dels usuaris nom\u00e9s si ens envien de manera volunt\u00e0ria aquesta informaci\u00f3. Els usuaris sempre poden negar-se a proporcionar informaci\u00f3 d&#8217;identificaci\u00f3 personal, excepte que els poden impedir participar en certes activitats relacionades amb el Lloc<\/p><p><strong>Informaci\u00f3 d&#8217;identificaci\u00f3 no personal<\/strong><\/p><p>Podem recopilar informaci\u00f3 no personal identificable sobre els usuaris cada cop que interactuen amb el nostre lloc. La informaci\u00f3 didentificaci\u00f3 no personal pot incloure el nom del navegador, el tipus dordinador i la informaci\u00f3 t\u00e8cnica sobre els usuaris de la connexi\u00f3 al nostre lloc, com el sistema operatiu i els prove\u00efdors de serveis dInternet utilitzats i altra informaci\u00f3 similar.<\/p><p><strong>Cookies del navegador web<\/strong><\/p><p>El nostre lloc pot utilitzar galetes per millorar l&#8217;experi\u00e8ncia de l&#8217;usuari. El navegador web de l&#8217;usuari col\u00b7loca cookies als seus discs durs per a fins de registre i, de vegades, per rastrejar-ne informaci\u00f3. L&#8217;usuari pot optar per configurar el navegador web per rebutjar les galetes o per notificar-li quan s&#8217;envien galetes. Si ho feu, tingueu en compte que \u00e9s possible que algunes parts del lloc no funcionin correctament.<br \/><strong>Com utilitzem la informaci\u00f3 recollida.<\/strong><\/p><p>Neweyes Tech, SL pot recopilar i utilitzar informaci\u00f3 personal dels usuaris per a les seg\u00fcents finalitats:<\/p><p>\u2013 Per millorar el nostre lloc.<br \/>Podem utilitzar comentaris per proporcionar els nostres productes i serveis.<br \/>\u2013 Per enviar correus electr\u00f2nics peri\u00f2dics.<br \/>Podem utilitzar l&#8217;adre\u00e7a de correu electr\u00f2nic per respondre les vostres preguntes, preguntes o altres sol\u00b7licituds.<br \/>Com protegim la vostra informaci\u00f3<\/p><p>Adoptem pr\u00e0ctiques adequades de recopilaci\u00f3, emmagatzematge i processament de dades i mesures de seguretat per protegir contra l&#8217;acc\u00e9s no autoritzat, l&#8217;alteraci\u00f3, la divulgaci\u00f3 o la destrucci\u00f3 de la vostra informaci\u00f3 personal, nom d&#8217;usuari, contrasenya, informaci\u00f3 de transaccions i dades emmagatzemades al nostre Lloc.<\/p><p>El nostre lloc compleix els est\u00e0ndards de vulnerabilitat de PCI per crear l&#8217;entorn m\u00e9s segur possible per als usuaris.<\/p><p><strong>Comparteix la teva informaci\u00f3 personal<\/strong><\/p><p>No venem, intercanviem ni lloguem informaci\u00f3 d&#8217;identificaci\u00f3 personal a tercers. Podem compartir informaci\u00f3 demogr\u00e0fica agregada gen\u00e8rica no vinculada a cap informaci\u00f3 d&#8217;identificaci\u00f3 personal sobre visitants i usuaris amb els nostres socis comercials, afiliats de confian\u00e7a i anunciants per als fins descrits anteriorment.<\/p><p>Utilitzem MailChimp com a plataforma d&#8217;automatitzaci\u00f3 de m\u00e0rqueting. En subscriure&#8217;s al nostre formulari, accepta que la informaci\u00f3 que ens proporcioni es transferir\u00e0 a MailChimp per al seu processament d&#8217;acord amb la seva Pol\u00edtica de privadesa i termes.<\/p><p><strong>Quins s\u00f3n els teus drets?<\/strong><\/p><p>1) Dret a retirar el consentiment<\/p><p>Teniu dret a retirar un consentiment donat pr\u00e8viament per al processament de les vostres dades personals amb un prop\u00f2sit.<\/p><p>2) Dret d&#8217;acc\u00e9s<\/p><p>T\u00e9 dret a saber quines dades personals tenim sobre vost\u00e8 ia accedir-hi.<\/p><p>3) Dret a la rectificaci\u00f3<\/p><p>Teniu dret a sol\u00b7licitar modificacions a les vostres dades personals en cas que considereu que aquestes dades personals no estan actualitzades o s\u00f3n precises.<\/p><p>4) Dret a objectar<\/p><p>Vost\u00e8 t\u00e9 el dret dobjectar el processament de les seves dades personals.<\/p><p>5) Dret a ser oblidat<\/p><p>Vost\u00e8 t\u00e9 el dret de sol\u00b7licitar que les seves dades personals siguin esborrades.<\/p><p>6) Dret de portabilitat de dades<\/p><p>Teniu dret a obtenir una c\u00f2pia de les vostres dades en un format llegible per m\u00e0quina.<\/p><p>7) Limitaci\u00f3 de Processament<\/p><p>T\u00e9 dret a limitar el processament de dades quan es compleixi alguna de les condicions establertes a les normes de protecci\u00f3 de dades.<br \/>8) Reclamacions<\/p><p>Teniu dret a presentar una reclamaci\u00f3 davant l&#8217;Ag\u00e8ncia Espanyola de Protecci\u00f3 de Dades (http:\/\/www.agpd.es), si considereu que NEWEYES TECH, SL ha violat els drets reconeguts per La normativa aplicable en mat\u00e8ria de protecci\u00f3 de dades.<\/p><p>Podeu exercir els vostres drets posant-vos en contacte amb nosaltres a inforefractiva@eyesmilelaser.com<\/p><p><strong>Canvis a aquesta pol\u00edtica de privadesa<\/strong><\/p><p>Neweyes Tech, SL t\u00e9 la discreci\u00f3 d&#8217;actualitzar aquesta pol\u00edtica de privadesa en qualsevol moment. Quan ho fem, revisarem la data actualitzada al final de la p\u00e0gina. Recomanem als usuaris que visitin aquesta p\u00e0gina per veure si hi ha canvis per estar informats sobre com ajudem a protegir la informaci\u00f3 personal que recopilem. Vost\u00e8 reconeix i accepta que \u00e9s la seva responsabilitat revisar aquesta pol\u00edtica de privadesa peri\u00f2dicament i con\u00e8ixer les modificacions.<\/p><p><strong>Contactant amb nosaltres<\/strong><\/p><p>Si teniu alguna pregunta sobre aquesta Pol\u00edtica de privadesa, les pr\u00e0ctiques d&#8217;aquest lloc o les seves relacions amb aquest lloc, contacteu-nos a:<\/p><p>Cl\u00ednica Eyecos<\/p><p>Av. Diagonal, 415, 1r Barcelona 08008<\/p><p>+34 938 10 22 50<\/p><p>inforefractiva@eyesmilelaser.com<\/p>\t\t\t\t\t\t\t\t<\/div>\n\t\t\t\t\t<\/div>\n\t\t\t\t<\/div>\n\t\t\t\t<\/div>\n\t\t","protected":false},"excerpt":{"rendered":"<p>POL\u00cdTICA DE PRIVACITAT Aquesta Pol\u00edtica de privadesa regeix la manera com Neweyes Tech, SL recopila, utilitza, mant\u00e9 i divulga la informaci\u00f3 recopilada dels usuaris (cadasc\u00fa, a \u201cUsuari\u201d) del lloc web https:\/\/eyesmilelaser.com\/ (\u201cLloc\u201d) . Aquesta pol\u00edtica de privadesa s&#8217;aplica al Lloc ia tots els productes i serveis oferts per Neweyes Tech, SL. Informaci\u00f3 d&#8217;identificaci\u00f3 personal Podem [&hellip;]<\/p>\n","protected":false},"author":1,"featured_media":0,"parent":0,"menu_order":0,"comment_status":"closed","ping_status":"open","template":"","meta":{"_seopress_robots_primary_cat":"","_seopress_titles_title":"","_seopress_titles_desc":"","_seopress_robots_index":"","footnotes":""},"class_list":["post-2168","page","type-page","status-publish","hentry"],"_links":{"self":[{"href":"https:\/\/eyesmilelaser.com\/ca\/wp-json\/wp\/v2\/pages\/2168","targetHints":{"allow":["GET"]}}],"collection":[{"href":"https:\/\/eyesmilelaser.com\/ca\/wp-json\/wp\/v2\/pages"}],"about":[{"href":"https:\/\/eyesmilelaser.com\/ca\/wp-json\/wp\/v2\/types\/page"}],"author":[{"embeddable":true,"href":"https:\/\/eyesmilelaser.com\/ca\/wp-json\/wp\/v2\/users\/1"}],"replies":[{"embeddable":true,"href":"https:\/\/eyesmilelaser.com\/ca\/wp-json\/wp\/v2\/comments?post=2168"}],"version-history":[{"count":8,"href":"https:\/\/eyesmilelaser.com\/ca\/wp-json\/wp\/v2\/pages\/2168\/revisions"}],"predecessor-version":[{"id":2505,"href":"https:\/\/eyesmilelaser.com\/ca\/wp-json\/wp\/v2\/pages\/2168\/revisions\/2505"}],"wp:attachment":[{"href":"https:\/\/eyesmilelaser.com\/ca\/wp-json\/wp\/v2\/media?parent=2168"}],"curies":[{"name":"wp","href":"https:\/\/api.w.org\/{rel}","templated":true}]}}