{"id":2166,"date":"2026-02-07T09:01:24","date_gmt":"2026-02-07T08:01:24","guid":{"rendered":"https:\/\/eyesmilelaser.com\/politica-de-cookies\/"},"modified":"2026-02-21T09:58:50","modified_gmt":"2026-02-21T08:58:50","slug":"politica-de-cookies","status":"publish","type":"page","link":"https:\/\/eyesmilelaser.com\/ca\/politica-de-cookies\/","title":{"rendered":"Pol\u00edtica de cookies"},"content":{"rendered":"\t\t<div data-elementor-type=\"wp-page\" data-elementor-id=\"2166\" class=\"elementor elementor-2166 elementor-1579\" data-elementor-post-type=\"page\">\n\t\t\t\t<div class=\"elementor-element elementor-element-8dc1a4d e-flex e-con-boxed e-con e-parent\" data-id=\"8dc1a4d\" data-element_type=\"container\" data-e-type=\"container\" data-settings=\"{&quot;background_background&quot;:&quot;classic&quot;}\">\n\t\t\t\t\t<div class=\"e-con-inner\">\n\t\t\t\t<div class=\"elementor-element elementor-element-e6b95a3 elementor-widget elementor-widget-heading\" data-id=\"e6b95a3\" data-element_type=\"widget\" data-e-type=\"widget\" data-widget_type=\"heading.default\">\n\t\t\t\t\t<h3 class=\"elementor-heading-title elementor-size-default\">POL\u00cdTICA DE COOKIES<\/h3>\t\t\t\t<\/div>\n\t\t\t\t\t<\/div>\n\t\t\t\t<\/div>\n\t\t<div class=\"elementor-element elementor-element-2fce50b e-flex e-con-boxed e-con e-parent\" data-id=\"2fce50b\" data-element_type=\"container\" data-e-type=\"container\" data-settings=\"{&quot;background_background&quot;:&quot;classic&quot;}\">\n\t\t\t\t\t<div class=\"e-con-inner\">\n\t\t\t\t<div class=\"elementor-element elementor-element-2246d38 elementor-widget elementor-widget-text-editor\" data-id=\"2246d38\" data-element_type=\"widget\" data-e-type=\"widget\" data-widget_type=\"text-editor.default\">\n\t\t\t\t\t\t\t\t\t<p><strong>POL\u00cdTICA DE PRIVADESA CAPTACI\u00d3 DE DADES I DE COOKIES A LA WEB<\/strong><\/p><p><strong>Pol\u00edtica de galetes de la web<\/strong><\/p><p><strong>En relaci\u00f3 amb les galetes durant la navegaci\u00f3<\/strong><\/p><p>Una galeta (o galeta inform\u00e0tica) \u00e9s una petita informaci\u00f3 enviada per un lloc web i emmagatzemada al navegador de l&#8217;usuari, de manera que el lloc web pot consultar l&#8217;activitat pr\u00e8via de l&#8217;usuari.<\/p><p>Les seves funcions principals s\u00f3n:<\/p><p>Porteu el control d&#8217;usuaris: quan un usuari introdueix el vostre nom d&#8217;usuari i contrasenya, s&#8217;emmagatzema una galeta perqu\u00e8 no hagi d&#8217;estar introduint-les per a cada p\u00e0gina del servidor. No obstant aix\u00f2, una galeta no identifica nom\u00e9s una persona, sin\u00f3 una combinaci\u00f3 de computador-navegador-usuari.<\/p><p>Aconseguir informaci\u00f3 sobre els h\u00e0bits de navegaci\u00f3 de lusuari, entre daltres.<\/p><p>Aquest web utilitza cookies pr\u00f2pies.<\/p><p>Usuari: D&#8217;acc\u00e9s a la web, recordatori online<br \/>Settings: WordPress<br \/>Idioma: WordPress<\/p><p>Cookies de Tercers:<\/p><table border=\"0\" width=\"100%\" cellspacing=\"2\" cellpadding=\"2\"><tbody><tr><td height=\"23\">Tipus de galeta<\/td><td>Empresa<\/td><td>Finalitat<\/td><td>+ Informaci\u00f3<\/td><\/tr><tr><td height=\"23\">_utma<br \/>_utmb<br \/>_utmc_utmz<\/td><td>Google<\/td><td>Navegaci\u00f3 de forma an\u00f2nima que permet saber qu\u00e8 es consulta i com es navega<\/td><td>http:\/\/www.google.es\/intl\/es\/analytics\/privacyoverview.html<\/td><\/tr><\/tbody><\/table><p><strong>Gestiona galetes<\/strong><\/p><p><strong>Podeu permetre, bloquejar o eliminar les galetes instal\u00b7lades al vostre equip mitjan\u00e7ant la configuraci\u00f3 de les opcions del navegador instal\u00b7lat al vostre ordinador.<\/strong><\/p><p>Si no sabeu quin tipus i versi\u00f3 de navegador utilitza per accedir a internet:<br \/>Per a Windows: clic a &#8216;Ajuda&#8217; a la part superior de la finestra del vostre navegador i seleccioneu l&#8217;opci\u00f3 &#8216;Sobre&#8217;.<br \/>Per a Mac: amb la venda del navegador oberta, cliqueu al menu d&#8217;Apple i seleccioneu l&#8217;opci\u00f3 &#8216;Sobre\u2026&#8217;.<\/p><p><strong>Com gestionar les galetes a Windows<\/strong><\/p><p><strong>Google Chrome<\/strong><br \/>Feu clic al men\u00fa de Chrome Chrome situat a la barra d&#8217;eines del navegador.<\/p><p>Selecciona <strong>\u201cConfiguraci\u00f3\u201d.<\/strong><\/p><p>Fes clic a<strong> \u201cMostrar opcions avan\u00e7ades\u2026\u201d<\/strong><\/p><p>A la secci\u00f3 <strong>\u201cPrivadesa\u201d<\/strong>, feu clic al bot\u00f3 <strong>\u201cConfiguraci\u00f3 de contingut\u2026\u201d<\/strong>.<\/p><p>A la secci\u00f3 <strong>Cookies<\/strong>, podeu configurar les opcions que s&#8217;indiquen a continuaci\u00f3: Eliminar cookies, bloquejar o permetre les cookies per defecte, incloure excepcions de cookies de dominis o llocs web espec\u00edfics.<br \/>Per a m\u00e9s detalls, consulteu l&#8217;ajuda de Google Chrome.<\/p><p><strong>Microsoft Internet Explorer 7.0 i 8.0<\/strong><\/p><p>Feu clic al bot\u00f3 <strong>\u201cEines\u201d<\/strong> i despr\u00e9s a<strong> \u201cOpcions d&#8217;Internet\u201d.<\/strong><br \/>Feu clic a la fitxa<strong>\u201cPrivadesa\u201d<\/strong> i, a continuaci\u00f3, moveu el control lliscant a una posici\u00f3 interm\u00e8dia entre els extrems superior i inferior, de manera que no es bloquegin ni permetin totes les cookies.<\/p><p>Feu clic a<strong> \u201cLlocs\u201d.<\/strong><\/p><p>Al quadre \u201c<strong>Adre\u00e7a del lloc web\u201d<\/strong>, escriviu l&#8217;adre\u00e7a d&#8217;un lloc web i, a continuaci\u00f3, feu clic a <strong>\u201cBloqueja\u201d<\/strong> o <strong>\u201cPermet\u201d<\/strong>.<\/p><p>Mentre escriviu, anireu apareixent una llista de les p\u00e0gines web que ja heu visitat. Si feu clic a un element de la llista, es mostrar\u00e0 al quadre Adre\u00e7a del lloc web.<\/p><p>En acabar, feu clic a \u201c<strong>Acceptar<\/strong>\u201d.<\/p><p>Torneu a col\u00b7locar el control lliscant a la vostra posici\u00f3 original i feu clic a \u201c<strong>Acceptar<\/strong>\u201d.<\/p><p>Podeu consultar l&#8217;ajuda de Windows per a m\u00e9s informaci\u00f3<\/p><p><strong>Mozilla Firefox<\/strong><br \/>A la part superior de la finestra del Firefox, feu clic al bot\u00f3 Firefox i seleccioneu \u201c<strong>Opcions<\/strong>\u201d.<br \/>Seleccioneu el panell <strong>\u201cPrivadesa\u201d<\/strong>.<br \/>A \u201c<strong>Firefox podr\u00e0<\/strong>:\u201d tria \u201c<strong>Utilitzar una configuraci\u00f3 personalitzada per a l&#8217;historial<\/strong>\u201d.<br \/>Marca l&#8217;opci\u00f3 \u201c<strong>Acceptar cookies<\/strong>\u201d per activar-les i desmarca-la per desactivar-les.<br \/>Si no vols rebre galetes de tecers desmarca \u201c<strong>Acceptar galetes de tercers<\/strong>\u201d.<br \/>Podeu consultar l&#8217;ajuda de Mozilla per a m\u00e9s informaci\u00f3<\/p><p><strong>Safari<\/strong><br \/>Feu clic a \u201c<strong>Safari\u201d<\/strong> a la part superior de la finestra del vostre navegador i seleccioneu l&#8217;opci\u00f3 \u2018<strong>Prefer\u00e8ncia<\/strong>s\u2019.<br \/>Feu clic a \u201c<strong>Privadesa<\/strong>\u201d.<br \/>A l&#8217;apartat \u201c<strong>Bloquejar cookies<\/strong>\u201d seleccioneu una de les opcions seg\u00fcents segons us interessi: \u201c<strong>De publicitat i tercers\u201d, \u201cSempre\u201d, o \u201cMai<\/strong>\u201d.<\/p><p><strong>Opera<\/strong><br \/>Feu clic a \u201c<strong>Configuraci\u00f3<\/strong>\u201d a la part superior de la finestra del navegador i seleccioneu \u2018<strong>Opcions<\/strong>\u2019.<br \/>A continuaci\u00f3 seleccioneu la pestanya \u201c<strong>Avan\u00e7at<\/strong>\u201d ia la llista de l&#8217;esquerra seleccionar \u201c<strong>Cookies<\/strong>\u201d.<br \/>A continuaci\u00f3, seleccioneu \u201c<strong>Acceptar cookies<\/strong>\u201d.<br \/>4. Disposa de tres opcions segons la vostra prefer\u00e8ncia: \u201c<strong>Acceptar cookies<\/strong><\/p><p><strong>Com gestionar les galetes a Mac<\/strong><\/p><p><strong>Google Chrome:<\/strong><br \/>1. Feu clic al men\u00fa de Chrome Chrome situat a la barra d&#8217;eines del navegador.<br \/>2. Seleccioneu \u201cConfiguraci\u00f3\u201d.<br \/>3. Feu clic a \u201cMostrar opcions avan\u00e7ades\u2026\u201d<br \/>4. A la secci\u00f3 \u201cPrivadesa\u201d, Feu clic al bot\u00f3 \u201cConfiguraci\u00f3 de contingut\u2026\u201d.<br \/>5. A la secci\u00f3 \u201cCookies\u201d, podeu configurar les opcions que s&#8217;indiquen a continuaci\u00f3: Eliminar cookies, bloquejar o permetre les cookies per defecte, incloure excepcions de cookies de dominis o llocs web espec\u00edfics.<\/p><p><strong>Microsoft Internet Explorer:<\/strong><br \/>1. Feu clic a \u201cExplorer\u201d a la part superior de la finestra del vostre navegador i seleccioneu les opcions de \u201cPrefer\u00e8ncies\u201d.<br \/>2. Desplaceu-vos cap avall fins que aparegui &#8216;Cookies&#8217; a Fitxers rebuts.<br \/>3. Seleccioneu l&#8217;opci\u00f3 \u201cMai preguntar\u201d.<br \/>4. Feu clic a \u201cD&#8217;acord\u201d.<\/p><p><strong>Mozilla Firefox:<\/strong><br \/>1. A la barra de men\u00fas, feu clic al men\u00fa Firefox i seleccioneu \u201cPrefer\u00e8ncies\u2026\u201d.<br \/>2. Seleccioneu el panell Privadesa.<br \/>3. A \u201cFirefox podr\u00e0:\u201d tria \u201cUsar una configuraci\u00f3 personalitzada per a l&#8217;historial\u201d.<br \/>4. Marca l&#8217;opci\u00f3 \u201cAcceptar cookies\u201d per activar-les i desmarca-la per desactivar-les.<br \/>5. Si no vol rebre cookies de tecers desmarca \u201cAcceptar cookies de tercers\u201d.<\/p><p><strong>Safari:<\/strong><br \/>1. Feu clic a \u201cSafari\u201d a la part superior de la finestra del vostre navegador i seleccioneu l&#8217;opci\u00f3 \u2018Prefer\u00e8ncies\u2019.<br \/>2. Feu clic a \u201cPrivadesa\u201d.<br \/>3. A l&#8217;apartat \u201cBloquejar cookies\u201d seleccioneu una de les opcions seg\u00fcents segons us interessi: \u201cDe publicitat i tercers\u201d, \u201cSempre\u201d, o \u201cMai\u201d.<\/p><p><strong>Opera:<\/strong><br \/>1. Feu clic a \u201cOpera\u201d a la part superior de la finestra del navegador i seleccioneu \u2018Opcions\u2019.<br \/>2. A continuaci\u00f3 seleccioneu la pestanya \u201cAvan\u00e7at\u201d ia la llista de l&#8217;esquerra seleccionar \u201cCookies\u201d.<br \/>3. A continuaci\u00f3, seleccioneu \u201cAcceptar cookies\u201d.<br \/>4. Disposa de tres opcions segons la seva prefer\u00e8ncia: \u201cAcceptar cookies\u201d, \u201cAcceptar cookies nom\u00e9s del lloc visitat\u201d i \u201cNo acceptar cookies mai\u201d.<\/p>\t\t\t\t\t\t\t\t<\/div>\n\t\t\t\t\t<\/div>\n\t\t\t\t<\/div>\n\t\t\t\t<\/div>\n\t\t","protected":false},"excerpt":{"rendered":"<p>POL\u00cdTICA DE COOKIES POL\u00cdTICA DE PRIVADESA CAPTACI\u00d3 DE DADES I DE COOKIES A LA WEB Pol\u00edtica de galetes de la web En relaci\u00f3 amb les galetes durant la navegaci\u00f3 Una galeta (o galeta inform\u00e0tica) \u00e9s una petita informaci\u00f3 enviada per un lloc web i emmagatzemada al navegador de l&#8217;usuari, de manera que el lloc web [&hellip;]<\/p>\n","protected":false},"author":1,"featured_media":0,"parent":0,"menu_order":0,"comment_status":"closed","ping_status":"closed","template":"","meta":{"_seopress_robots_primary_cat":"","_seopress_titles_title":"","_seopress_titles_desc":"","_seopress_robots_index":"","footnotes":""},"class_list":["post-2166","page","type-page","status-publish","hentry"],"_links":{"self":[{"href":"https:\/\/eyesmilelaser.com\/ca\/wp-json\/wp\/v2\/pages\/2166","targetHints":{"allow":["GET"]}}],"collection":[{"href":"https:\/\/eyesmilelaser.com\/ca\/wp-json\/wp\/v2\/pages"}],"about":[{"href":"https:\/\/eyesmilelaser.com\/ca\/wp-json\/wp\/v2\/types\/page"}],"author":[{"embeddable":true,"href":"https:\/\/eyesmilelaser.com\/ca\/wp-json\/wp\/v2\/users\/1"}],"replies":[{"embeddable":true,"href":"https:\/\/eyesmilelaser.com\/ca\/wp-json\/wp\/v2\/comments?post=2166"}],"version-history":[{"count":7,"href":"https:\/\/eyesmilelaser.com\/ca\/wp-json\/wp\/v2\/pages\/2166\/revisions"}],"predecessor-version":[{"id":2480,"href":"https:\/\/eyesmilelaser.com\/ca\/wp-json\/wp\/v2\/pages\/2166\/revisions\/2480"}],"wp:attachment":[{"href":"https:\/\/eyesmilelaser.com\/ca\/wp-json\/wp\/v2\/media?parent=2166"}],"curies":[{"name":"wp","href":"https:\/\/api.w.org\/{rel}","templated":true}]}}