{"id":2160,"date":"2026-02-04T21:35:52","date_gmt":"2026-02-04T20:35:52","guid":{"rendered":"https:\/\/eyesmilelaser.com\/documentacion-eye-smile-laser\/"},"modified":"2026-03-10T15:51:57","modified_gmt":"2026-03-10T14:51:57","slug":"documentacio-eye-smile-laser","status":"publish","type":"page","link":"https:\/\/eyesmilelaser.com\/ca\/documentacio-eye-smile-laser\/","title":{"rendered":"Documentaci\u00f3"},"content":{"rendered":"\t\t<div data-elementor-type=\"wp-page\" data-elementor-id=\"2160\" class=\"elementor elementor-2160 elementor-1206\" data-elementor-post-type=\"page\">\n\t\t\t\t<div class=\"elementor-element elementor-element-948e9d1 e-flex e-con-boxed e-con e-parent\" data-id=\"948e9d1\" data-element_type=\"container\" data-e-type=\"container\" data-settings=\"{&quot;background_background&quot;:&quot;classic&quot;}\">\n\t\t\t\t\t<div class=\"e-con-inner\">\n\t\t\t\t<div class=\"elementor-element elementor-element-2fb0a4c elementor-widget elementor-widget-heading\" data-id=\"2fb0a4c\" data-element_type=\"widget\" data-e-type=\"widget\" data-widget_type=\"heading.default\">\n\t\t\t\t\t<h1 class=\"elementor-heading-title elementor-size-default\">Documentaci\u00f3<\/h1>\t\t\t\t<\/div>\n\t\t\t\t\t<\/div>\n\t\t\t\t<\/div>\n\t\t<div class=\"elementor-element elementor-element-3a8f55ae e-flex e-con-boxed e-con e-parent\" data-id=\"3a8f55ae\" data-element_type=\"container\" data-e-type=\"container\" data-settings=\"{&quot;background_background&quot;:&quot;classic&quot;}\">\n\t\t\t\t\t<div class=\"e-con-inner\">\n\t\t<div class=\"elementor-element elementor-element-27c7417a e-con-full e-flex e-con e-child\" data-id=\"27c7417a\" data-element_type=\"container\" data-e-type=\"container\">\n\t\t\t\t<div class=\"elementor-element elementor-element-13ffba49 elementor-view-default elementor-widget elementor-widget-icon\" data-id=\"13ffba49\" data-element_type=\"widget\" data-e-type=\"widget\" data-widget_type=\"icon.default\">\n\t\t\t\t\t\t\t<div class=\"elementor-icon-wrapper\">\n\t\t\t<a class=\"elementor-icon\" href=\"https:\/\/eyesmilelaser.com\/documentacion\/Tecnicas_laserCAT.pdf\" target=\"_blank\">\n\t\t\t<svg aria-hidden=\"true\" class=\"e-font-icon-svg e-fas-file-pdf\" viewBox=\"0 0 384 512\" xmlns=\"http:\/\/www.w3.org\/2000\/svg\"><path d=\"M181.9 256.1c-5-16-4.9-46.9-2-46.9 8.4 0 7.6 36.9 2 46.9zm-1.7 47.2c-7.7 20.2-17.3 43.3-28.4 62.7 18.3-7 39-17.2 62.9-21.9-12.7-9.6-24.9-23.4-34.5-40.8zM86.1 428.1c0 .8 13.2-5.4 34.9-40.2-6.7 6.3-29.1 24.5-34.9 40.2zM248 160h136v328c0 13.3-10.7 24-24 24H24c-13.3 0-24-10.7-24-24V24C0 10.7 10.7 0 24 0h200v136c0 13.2 10.8 24 24 24zm-8 171.8c-20-12.2-33.3-29-42.7-53.8 4.5-18.5 11.6-46.6 6.2-64.2-4.7-29.4-42.4-26.5-47.8-6.8-5 18.3-.4 44.1 8.1 77-11.6 27.6-28.7 64.6-40.8 85.8-.1 0-.1.1-.2.1-27.1 13.9-73.6 44.5-54.5 68 5.6 6.9 16 10 21.5 10 17.9 0 35.7-18 61.1-61.8 25.8-8.5 54.1-19.1 79-23.2 21.7 11.8 47.1 19.5 64 19.5 29.2 0 31.2-32 19.7-43.4-13.9-13.6-54.3-9.7-73.6-7.2zM377 105L279 7c-4.5-4.5-10.6-7-17-7h-6v128h128v-6.1c0-6.3-2.5-12.4-7-16.9zm-74.1 255.3c4.1-2.7-2.5-11.9-42.8-9 37.1 15.8 42.8 9 42.8 9z\"><\/path><\/svg>\t\t\t<\/a>\n\t\t<\/div>\n\t\t\t\t\t\t<\/div>\n\t\t\t\t<div class=\"elementor-element elementor-element-1183b990 elementor-widget elementor-widget-heading\" data-id=\"1183b990\" data-element_type=\"widget\" data-e-type=\"widget\" data-widget_type=\"heading.default\">\n\t\t\t\t\t<p class=\"elementor-heading-title elementor-size-default\"><a href=\"https:\/\/eyesmilelaser.com\/documentacion\/Tecnicas_laserCAT.pdf\" target=\"_blank\">Explicaci\u00f3 de les tres t\u00e8cniques que realitzarem: PRK, LASIK i RELEX SMILE.<\/a><\/p>\t\t\t\t<\/div>\n\t\t\t\t<\/div>\n\t\t<div class=\"elementor-element elementor-element-36651740 e-con-full e-flex e-con e-child\" data-id=\"36651740\" data-element_type=\"container\" data-e-type=\"container\">\n\t\t\t\t<div class=\"elementor-element elementor-element-3fd242 elementor-view-default elementor-widget elementor-widget-icon\" data-id=\"3fd242\" data-element_type=\"widget\" data-e-type=\"widget\" data-widget_type=\"icon.default\">\n\t\t\t\t\t\t\t<div class=\"elementor-icon-wrapper\">\n\t\t\t<a class=\"elementor-icon\" href=\"https:\/\/eyesmilelaser.com\/documentacion\/CONSENTIMIENTO_INFORMADO_PRK.pdf\" target=\"_blank\">\n\t\t\t<svg aria-hidden=\"true\" class=\"e-font-icon-svg e-fas-file-pdf\" viewBox=\"0 0 384 512\" xmlns=\"http:\/\/www.w3.org\/2000\/svg\"><path d=\"M181.9 256.1c-5-16-4.9-46.9-2-46.9 8.4 0 7.6 36.9 2 46.9zm-1.7 47.2c-7.7 20.2-17.3 43.3-28.4 62.7 18.3-7 39-17.2 62.9-21.9-12.7-9.6-24.9-23.4-34.5-40.8zM86.1 428.1c0 .8 13.2-5.4 34.9-40.2-6.7 6.3-29.1 24.5-34.9 40.2zM248 160h136v328c0 13.3-10.7 24-24 24H24c-13.3 0-24-10.7-24-24V24C0 10.7 10.7 0 24 0h200v136c0 13.2 10.8 24 24 24zm-8 171.8c-20-12.2-33.3-29-42.7-53.8 4.5-18.5 11.6-46.6 6.2-64.2-4.7-29.4-42.4-26.5-47.8-6.8-5 18.3-.4 44.1 8.1 77-11.6 27.6-28.7 64.6-40.8 85.8-.1 0-.1.1-.2.1-27.1 13.9-73.6 44.5-54.5 68 5.6 6.9 16 10 21.5 10 17.9 0 35.7-18 61.1-61.8 25.8-8.5 54.1-19.1 79-23.2 21.7 11.8 47.1 19.5 64 19.5 29.2 0 31.2-32 19.7-43.4-13.9-13.6-54.3-9.7-73.6-7.2zM377 105L279 7c-4.5-4.5-10.6-7-17-7h-6v128h128v-6.1c0-6.3-2.5-12.4-7-16.9zm-74.1 255.3c4.1-2.7-2.5-11.9-42.8-9 37.1 15.8 42.8 9 42.8 9z\"><\/path><\/svg>\t\t\t<\/a>\n\t\t<\/div>\n\t\t\t\t\t\t<\/div>\n\t\t\t\t<div class=\"elementor-element elementor-element-6ff14885 elementor-widget elementor-widget-heading\" data-id=\"6ff14885\" data-element_type=\"widget\" data-e-type=\"widget\" data-widget_type=\"heading.default\">\n\t\t\t\t\t<p class=\"elementor-heading-title elementor-size-default\"><a href=\"https:\/\/eyesmilelaser.com\/documentacion\/CONSENTIMIENTO_INFORMADO_PRK.pdf\" target=\"_blank\">Consentiment informat de PRK<\/a><\/p>\t\t\t\t<\/div>\n\t\t\t\t<\/div>\n\t\t<div class=\"elementor-element elementor-element-1622223c e-con-full e-flex e-con e-child\" data-id=\"1622223c\" data-element_type=\"container\" data-e-type=\"container\">\n\t\t\t\t<div class=\"elementor-element elementor-element-63163c21 elementor-view-default elementor-widget elementor-widget-icon\" data-id=\"63163c21\" data-element_type=\"widget\" data-e-type=\"widget\" data-widget_type=\"icon.default\">\n\t\t\t\t\t\t\t<div class=\"elementor-icon-wrapper\">\n\t\t\t<a class=\"elementor-icon\" href=\"https:\/\/eyesmilelaser.com\/documentacion\/CONSENTIMIENTO_INFORMADO_LASIK.pdf\" target=\"_blank\">\n\t\t\t<svg aria-hidden=\"true\" class=\"e-font-icon-svg e-fas-file-pdf\" viewBox=\"0 0 384 512\" xmlns=\"http:\/\/www.w3.org\/2000\/svg\"><path d=\"M181.9 256.1c-5-16-4.9-46.9-2-46.9 8.4 0 7.6 36.9 2 46.9zm-1.7 47.2c-7.7 20.2-17.3 43.3-28.4 62.7 18.3-7 39-17.2 62.9-21.9-12.7-9.6-24.9-23.4-34.5-40.8zM86.1 428.1c0 .8 13.2-5.4 34.9-40.2-6.7 6.3-29.1 24.5-34.9 40.2zM248 160h136v328c0 13.3-10.7 24-24 24H24c-13.3 0-24-10.7-24-24V24C0 10.7 10.7 0 24 0h200v136c0 13.2 10.8 24 24 24zm-8 171.8c-20-12.2-33.3-29-42.7-53.8 4.5-18.5 11.6-46.6 6.2-64.2-4.7-29.4-42.4-26.5-47.8-6.8-5 18.3-.4 44.1 8.1 77-11.6 27.6-28.7 64.6-40.8 85.8-.1 0-.1.1-.2.1-27.1 13.9-73.6 44.5-54.5 68 5.6 6.9 16 10 21.5 10 17.9 0 35.7-18 61.1-61.8 25.8-8.5 54.1-19.1 79-23.2 21.7 11.8 47.1 19.5 64 19.5 29.2 0 31.2-32 19.7-43.4-13.9-13.6-54.3-9.7-73.6-7.2zM377 105L279 7c-4.5-4.5-10.6-7-17-7h-6v128h128v-6.1c0-6.3-2.5-12.4-7-16.9zm-74.1 255.3c4.1-2.7-2.5-11.9-42.8-9 37.1 15.8 42.8 9 42.8 9z\"><\/path><\/svg>\t\t\t<\/a>\n\t\t<\/div>\n\t\t\t\t\t\t<\/div>\n\t\t\t\t<div class=\"elementor-element elementor-element-32bbe82c elementor-widget elementor-widget-heading\" data-id=\"32bbe82c\" data-element_type=\"widget\" data-e-type=\"widget\" data-widget_type=\"heading.default\">\n\t\t\t\t\t<p class=\"elementor-heading-title elementor-size-default\"><a href=\"https:\/\/eyesmilelaser.com\/documentacion\/CONSENTIMIENTO_INFORMADO_LASIK.pdf\" target=\"_blank\">Consentiment informat de LASIK<\/a><\/p>\t\t\t\t<\/div>\n\t\t\t\t<\/div>\n\t\t<div class=\"elementor-element elementor-element-2cdeacfe e-con-full e-flex e-con e-child\" data-id=\"2cdeacfe\" data-element_type=\"container\" data-e-type=\"container\">\n\t\t\t\t<div class=\"elementor-element elementor-element-7d229a96 elementor-view-default elementor-widget elementor-widget-icon\" data-id=\"7d229a96\" data-element_type=\"widget\" data-e-type=\"widget\" data-widget_type=\"icon.default\">\n\t\t\t\t\t\t\t<div class=\"elementor-icon-wrapper\">\n\t\t\t<a class=\"elementor-icon\" href=\"https:\/\/eyesmilelaser.com\/documentacion\/CONSENTIMIENTO_INFORMADO_RELEX_SMILE.pdf\" target=\"_blank\">\n\t\t\t<svg aria-hidden=\"true\" class=\"e-font-icon-svg e-fas-file-pdf\" viewBox=\"0 0 384 512\" xmlns=\"http:\/\/www.w3.org\/2000\/svg\"><path d=\"M181.9 256.1c-5-16-4.9-46.9-2-46.9 8.4 0 7.6 36.9 2 46.9zm-1.7 47.2c-7.7 20.2-17.3 43.3-28.4 62.7 18.3-7 39-17.2 62.9-21.9-12.7-9.6-24.9-23.4-34.5-40.8zM86.1 428.1c0 .8 13.2-5.4 34.9-40.2-6.7 6.3-29.1 24.5-34.9 40.2zM248 160h136v328c0 13.3-10.7 24-24 24H24c-13.3 0-24-10.7-24-24V24C0 10.7 10.7 0 24 0h200v136c0 13.2 10.8 24 24 24zm-8 171.8c-20-12.2-33.3-29-42.7-53.8 4.5-18.5 11.6-46.6 6.2-64.2-4.7-29.4-42.4-26.5-47.8-6.8-5 18.3-.4 44.1 8.1 77-11.6 27.6-28.7 64.6-40.8 85.8-.1 0-.1.1-.2.1-27.1 13.9-73.6 44.5-54.5 68 5.6 6.9 16 10 21.5 10 17.9 0 35.7-18 61.1-61.8 25.8-8.5 54.1-19.1 79-23.2 21.7 11.8 47.1 19.5 64 19.5 29.2 0 31.2-32 19.7-43.4-13.9-13.6-54.3-9.7-73.6-7.2zM377 105L279 7c-4.5-4.5-10.6-7-17-7h-6v128h128v-6.1c0-6.3-2.5-12.4-7-16.9zm-74.1 255.3c4.1-2.7-2.5-11.9-42.8-9 37.1 15.8 42.8 9 42.8 9z\"><\/path><\/svg>\t\t\t<\/a>\n\t\t<\/div>\n\t\t\t\t\t\t<\/div>\n\t\t\t\t<div class=\"elementor-element elementor-element-1505d40c elementor-widget elementor-widget-heading\" data-id=\"1505d40c\" data-element_type=\"widget\" data-e-type=\"widget\" data-widget_type=\"heading.default\">\n\t\t\t\t\t<p class=\"elementor-heading-title elementor-size-default\"><a href=\"https:\/\/eyesmilelaser.com\/documentacion\/CONSENTIMIENTO_INFORMADO_RELEX_SMILE.pdf\" target=\"_blank\">Consentiment informat de RELEX SMILE<\/a><\/p>\t\t\t\t<\/div>\n\t\t\t\t<\/div>\n\t\t\t\t\t<\/div>\n\t\t\t\t<\/div>\n\t\t<div class=\"elementor-element elementor-element-aef9bb1 e-flex e-con-boxed e-con e-parent\" data-id=\"aef9bb1\" data-element_type=\"container\" data-e-type=\"container\" data-settings=\"{&quot;background_background&quot;:&quot;classic&quot;}\">\n\t\t\t\t\t<div class=\"e-con-inner\">\n\t\t\t\t<div class=\"elementor-element elementor-element-48350bf elementor-widget elementor-widget-heading\" data-id=\"48350bf\" data-element_type=\"widget\" data-e-type=\"widget\" data-widget_type=\"heading.default\">\n\t\t\t\t\t<h2 class=\"elementor-heading-title elementor-size-default\">FemtoLASIK<\/h2>\t\t\t\t<\/div>\n\t\t\t\t\t<\/div>\n\t\t\t\t<\/div>\n\t\t<div class=\"elementor-element elementor-element-759ce719 e-flex e-con-boxed e-con e-parent\" data-id=\"759ce719\" data-element_type=\"container\" data-e-type=\"container\" data-settings=\"{&quot;background_background&quot;:&quot;classic&quot;}\">\n\t\t\t\t\t<div class=\"e-con-inner\">\n\t\t\t\t<div class=\"elementor-element elementor-element-7c551cc7 elementor-widget elementor-widget-text-editor\" data-id=\"7c551cc7\" data-element_type=\"widget\" data-e-type=\"widget\" data-widget_type=\"text-editor.default\">\n\t\t\t\t\t\t\t\t\t<p><strong>Les indicacions de la Femtolasik<\/strong> inclouen la correcci\u00f3 de miopia, hipermetropia i astigmatisme en persones majors de 18 anys amb una graduaci\u00f3 estable durant almenys un any. Tamb\u00e9 es pot utilitzar en casos de presb\u00edcia, i en algunes variants com la Femtolasik Xtra per a casos de miopia o hipermetropia mitjanes-altes, encara que \u00e9s indispensable un examen oftalmol\u00f2gic complet per determinar la idone\u00eftat individual.<\/p><h3>Condicions i correccions<\/h3><ul><li><strong>Errors refractius:<\/strong> Miopia, hipermetropia, astigmatisme i presb\u00edcia.<\/li><li><strong>Graduaci\u00f3 estable:<\/strong> No haver tingut canvis significatius en la prescripci\u00f3 ocular el darrer any.<\/li><li><strong>Edat:<\/strong> Ser m\u00e9s gran de 18 anys, encara que idealment m\u00e9s gran de 21 per a m\u00e9s estabilitat de la visi\u00f3.<\/li><\/ul><h3>Casos espec\u00edfics<\/h3><ul><li><strong>Miopia i hipermetropia mitjanes-altes:<\/strong> La t\u00e8cnica Femtolasik Xtra pot ser una opci\u00f3 per a aquests casos.<\/li><li><strong>Queratocon:<\/strong> Es pot utilitzar en pacients amb queratocon, fins i tot amb estudis previs normals, o per realitzar incisions per a anells intracorneals.<\/li><li><strong>Gressor corneal esc\u00e0s:<\/strong> Pot ser una soluci\u00f3 per a pacients amb esc\u00e0s gruix corneal que no eren candidats per a altres t\u00e8cniques.<\/li><li><strong>Cirurgia de cataractes:<\/strong> S&#8217;ha incorporat com una t\u00e8cnica per augmentar la precisi\u00f3 en realitzar els talls necessaris per a l&#8217;extracci\u00f3 de la cataracta i implantaci\u00f3 de la lent intraocular.<\/li><\/ul><h3>Important<\/h3><ul><li>\u00c9s crucial sotmetre&#8217;s a un estudi oftalmol\u00f2gic complet per determinar la idone\u00eftat per al procediment.<\/li><li>L&#8217;avaluaci\u00f3 pr\u00e8via \u00e9s necess\u00e0ria per descartar malalties oculars com ara queratocon o glaucoma avan\u00e7at.<\/li><\/ul>\t\t\t\t\t\t\t\t<\/div>\n\t\t\t\t\t<\/div>\n\t\t\t\t<\/div>\n\t\t<div class=\"elementor-element elementor-element-8c8f100 e-flex e-con-boxed e-con e-parent\" data-id=\"8c8f100\" data-element_type=\"container\" data-e-type=\"container\" data-settings=\"{&quot;background_background&quot;:&quot;classic&quot;}\">\n\t\t\t\t\t<div class=\"e-con-inner\">\n\t\t\t\t<div class=\"elementor-element elementor-element-267dd24 elementor-widget elementor-widget-heading\" data-id=\"267dd24\" data-element_type=\"widget\" data-e-type=\"widget\" data-widget_type=\"heading.default\">\n\t\t\t\t\t<h2 class=\"elementor-heading-title elementor-size-default\">PresbiLASIK<\/h2>\t\t\t\t<\/div>\n\t\t\t\t\t<\/div>\n\t\t\t\t<\/div>\n\t\t<div class=\"elementor-element elementor-element-59071d8a e-flex e-con-boxed e-con e-parent\" data-id=\"59071d8a\" data-element_type=\"container\" data-e-type=\"container\" data-settings=\"{&quot;background_background&quot;:&quot;classic&quot;}\">\n\t\t\t\t\t<div class=\"e-con-inner\">\n\t\t\t\t<div class=\"elementor-element elementor-element-24225cd elementor-widget elementor-widget-text-editor\" data-id=\"24225cd\" data-element_type=\"widget\" data-e-type=\"widget\" data-widget_type=\"text-editor.default\">\n\t\t\t\t\t\t\t\t\t<p><strong>Les indicacions principals per al PresbiLASIK<\/strong> s\u00f3n per a persones amb presb\u00edcia (vista cansada), especialment aquelles que tamb\u00e9 tenen miopia, hipermetropia o astigmatisme i que volen corregir la seva visi\u00f3 de lluny i de prop en una sola cirurgia. El procediment est\u00e0 recomanat per als que experimenten dificultats per llegir o veure objectes propers, i l&#8217;edat t\u00edpica \u00e9s d&#8217;entre 50 i 55 anys, tot i que dep\u00e8n de l&#8217;avaluaci\u00f3 d&#8217;un oftalm\u00f2leg.<\/p><h3>Indicacions principals<\/h3><ul><li>Presb\u00edcia o vista cansada: \u00c9s la indicaci\u00f3 principal, la dificultat per enfocar objectes propers que apareix amb l&#8217;edat.<\/li><li>Combinaci\u00f3 amb altres defectes refractius: La cirurgia pot corregir simult\u00e0niament la presb\u00edcia amb altres problemes visuals com miopia, hipermetropia o astigmatisme.<\/li><li>Dificultat per llegir i veure de prop: Els s\u00edmptomes inclouen visi\u00f3 borrosa en tasques properes, com llegir o fer servir l&#8217;ordinador, i fatiga visual.<\/li><li>Necessitat d&#8217;il\u00b7luminaci\u00f3: Les persones que requereixen m\u00e9s llum per fer activitats de prop tamb\u00e9 s\u00f3n bons candidats.<\/li><li>Pacients que no volen fer servir ulleres o lents de contacte: Es busca la independ\u00e8ncia de les ulleres de lectura, bifocals o lents de contacte multifocals.<\/li><li>Pacients que ja usen lents intraoculars: Es pot realitzar en pacients operats de cataractes amb lents que nom\u00e9s proporcionen visi\u00f3 llunyana, per recuperar la visi\u00f3 de prop.<\/li><\/ul><h3>Caracter\u00edstiques de la t\u00e8cnica<\/h3><ul><li>Visi\u00f3 en m\u00faltiples dist\u00e0ncies: L&#8217;objectiu \u00e9s que el pacient pugui veure de lluny, de prop i interm\u00e8dia sense necessitat d&#8217;ulleres.<\/li><li>Enfocament monovisional avan\u00e7at o multifocal: S&#8217;aconsegueix mitjan\u00e7ant la personalitzaci\u00f3 del tractament l\u00e0ser, creant una difer\u00e8ncia subtil entre tots dos ulls per optimitzar la visi\u00f3 en diferents dist\u00e0ncies.<\/li><li>Recuperaci\u00f3 r\u00e0pida:Generalment, els resultats s\u00f3n notoris des de l&#8217;endem\u00e0 de la intervenci\u00f3, encara que la visi\u00f3 propera pot trigar uns dies m\u00e9s a estabilitzar-se del tot.<\/li><\/ul>\t\t\t\t\t\t\t\t<\/div>\n\t\t\t\t\t<\/div>\n\t\t\t\t<\/div>\n\t\t<div class=\"elementor-element elementor-element-9de71ca e-flex e-con-boxed e-con e-parent\" data-id=\"9de71ca\" data-element_type=\"container\" data-e-type=\"container\" data-settings=\"{&quot;background_background&quot;:&quot;classic&quot;}\">\n\t\t\t\t\t<div class=\"e-con-inner\">\n\t\t\t\t<div class=\"elementor-element elementor-element-f084eab elementor-widget elementor-widget-heading\" data-id=\"f084eab\" data-element_type=\"widget\" data-e-type=\"widget\" data-widget_type=\"heading.default\">\n\t\t\t\t\t<h2 class=\"elementor-heading-title elementor-size-default\">ReLEx SMILE<\/h2>\t\t\t\t<\/div>\n\t\t\t\t\t<\/div>\n\t\t\t\t<\/div>\n\t\t<div class=\"elementor-element elementor-element-a753e38 e-flex e-con-boxed e-con e-parent\" data-id=\"a753e38\" data-element_type=\"container\" data-e-type=\"container\" data-settings=\"{&quot;background_background&quot;:&quot;classic&quot;}\">\n\t\t\t\t\t<div class=\"e-con-inner\">\n\t\t\t\t<div class=\"elementor-element elementor-element-2545fbc8 elementor-widget elementor-widget-text-editor\" data-id=\"2545fbc8\" data-element_type=\"widget\" data-e-type=\"widget\" data-widget_type=\"text-editor.default\">\n\t\t\t\t\t\t\t\t\t<strong>ReLEx SMILE<\/strong> est\u00e0 indicada per corregir miopia (fins a -10 di\u00f2ptries) i astigmatisme (fins a -5 di\u00f2ptries) en adults amb un gruix corneal suficient i graduaci\u00f3 estable. \u00c9s ideal per a pacients actius, especialment esportistes, i aquells que busquen una recuperaci\u00f3 r\u00e0pida amb menys risc de complicacions, ja que \u00e9s una t\u00e8cnica m\u00ednimament invasiva que no requereix un flap.\n<h3>Indicacions i criteris de selecci\u00f3<\/h3>\n<ul>\n \t<li><strong>Problema refractiu<\/strong>: Miopia (entre -0.5 i -10 di\u00f2ptries) i\/o astigmatisme (fins a -5 di\u00f2ptries).<\/li>\n \t<li><strong>Edat:<\/strong> Major de 18 anys (algunes fonts esmenten un m\u00ednim de 18 anys, mentre que altres suggereixen 21, per la qual cosa \u00e9s important consultar un professional).<\/li>\n \t<li><strong>Estabilitat de la graduaci\u00f3:<\/strong> El problema refractiu ha de ser estable, sense canvis significatius el darrer any.<\/li>\n \t<li><strong>Grossor corneal:<\/strong> \u00c9s necessari un gruix corneal suficient per poder realitzar la intervenci\u00f3.<\/li>\n \t<li><strong>Estil de vida:<\/strong> \u00c9s una bona opci\u00f3 per a esportistes, ja que el risc de complicacions per traumatismes \u00e9s menor i es redueix el risc de complicacions.<\/li>\n<\/ul>\n<h3>Abans de la cirurgia<\/h3>\n<ul>\n \t<li><strong>Evitar lents de contacte:<\/strong> No utilitzeu lents de contacte durant els dies previs a la cirurgia, i en alguns casos, fins que l&#8217;ull no es pugui manipular.<\/li>\n \t<li><strong>Higiene:<\/strong> Mantenir una bona higiene ocular, per\u00f2 no aplicar cosm\u00e8tics com a maquillatge al voltant dels ulls el dia anterior a l&#8217;operaci\u00f3.<\/li>\n \t<li><strong>Evitar excessos:<\/strong> \u00c9s recomanable no prendre begudes alcoh\u00f2liques ni consumir tabac els dies previs i reduir els \u00e0pats abundants.<\/li>\n \t<li><strong>Descansar:<\/strong> \u00c9s important descansar b\u00e9 els dies previs a la intervenci\u00f3.<\/li>\n \t<li><strong>Anar acompanyat:<\/strong> \u00c9s recomanable anar acompanyat el dia de la intervenci\u00f3.<\/li>\n<\/ul>\n<h3>Despr\u00e9s de la cirurgia<\/h3>\n<ul>\n \t<li><strong>Descans:<\/strong> Descansar i mantenir els ulls tancats durant les primeres hores, aix\u00ed com evitar esfor\u00e7ar la vista.<\/li>\n \t<li><strong>No fregar-se els ulls:<\/strong> Evitar fregar-se els ulls per no causar danys.\nEvitar activitats de risc:Evitar esports de contacte durant les primeres setmanes.<\/li>\n \t<li><strong>Higiene ocular:<\/strong> Evitar fer servir maquillatge, cremes o locions al voltant de l&#8217;ull durant el primer mes.<\/li>\n \t<li><strong>Nataci\u00f3 i jacuzzis:<\/strong> Evitar la nataci\u00f3, jacuzzis i piscines durant 2 a 4 setmanes.<\/li>\n \t<li><strong>Seguiment m\u00e8dic:<\/strong> Seguir les indicacions del metge i acudir a les revisions programades.<\/li>\n<\/ul>\t\t\t\t\t\t\t\t<\/div>\n\t\t\t\t\t<\/div>\n\t\t\t\t<\/div>\n\t\t<div class=\"elementor-element elementor-element-fe97c82 e-flex e-con-boxed e-con e-parent\" data-id=\"fe97c82\" data-element_type=\"container\" data-e-type=\"container\" data-settings=\"{&quot;background_background&quot;:&quot;classic&quot;}\">\n\t\t\t\t\t<div class=\"e-con-inner\">\n\t\t\t\t<div class=\"elementor-element elementor-element-d219a20 elementor-widget elementor-widget-heading\" data-id=\"d219a20\" data-element_type=\"widget\" data-e-type=\"widget\" data-widget_type=\"heading.default\">\n\t\t\t\t\t<h2 class=\"elementor-heading-title elementor-size-default\">TransPRK<\/h2>\t\t\t\t<\/div>\n\t\t\t\t\t<\/div>\n\t\t\t\t<\/div>\n\t\t<div class=\"elementor-element elementor-element-7b4fe276 e-flex e-con-boxed e-con e-parent\" data-id=\"7b4fe276\" data-element_type=\"container\" data-e-type=\"container\" data-settings=\"{&quot;background_background&quot;:&quot;classic&quot;}\">\n\t\t\t\t\t<div class=\"e-con-inner\">\n\t\t\t\t<div class=\"elementor-element elementor-element-13bd2897 elementor-widget elementor-widget-text-editor\" data-id=\"13bd2897\" data-element_type=\"widget\" data-e-type=\"widget\" data-widget_type=\"text-editor.default\">\n\t\t\t\t\t\t\t\t\t<p>Les indicacions de la TransPRK (Photo-Refractive Keratectomy) inclouen el tractament de miopia, hipermetropia i astigmatisme, sent especialment beneficiosa per a pacients amb c\u00f2rnies primes o que practiquen esports de contacte, ja que no genera un penjall corneal. Els candidats ideals s\u00f3n m\u00e9s grans de 21 anys, amb visi\u00f3 estable per almenys dos anys i sense patologies oculars pr\u00e8vies significatives.<\/p><h3>Candidats ideals<\/h3><ul><li>Pacients amb miopia, hipermetropia i\/o astigmatisme.<\/li><li>Persones amb c\u00f2rnies primes que no s\u00f3n aptes per a LASIK.<\/li><li>Esportistes o persones amb feines d&#8217;alt risc que puguin patir cops als ulls.<\/li><li>Pacients amb graduacions generalment inferiors a set di\u00f2ptries, encara que hi ha excepcions, com explica Miranza a YouTube.<\/li><\/ul><h3>Criteris d&#8217;exclusi\u00f3<\/h3><ul><li>Patologies o cirurgies oculars pr\u00e8vies, com ara cirurgia refractiva anterior, trasplantament de c\u00f2rnia, glaucoma, cataractes, \u00e8ctasia corneal, entre altres.<\/li><li>Pacients menors de 21 anys.<br \/>Visi\u00f3 inestable durant els darrers dos anys.<\/li><\/ul><h3>Consideracions addicionals<\/h3><ul><li>\u00c9s una t\u00e8cnica de superf\u00edcie que elimina l&#8217;epiteli (capa superficial de la c\u00f2rnia) i remodela l&#8217;estroma amb l\u00e0ser en un sol pas.<\/li><li>En no crear un penjall, redueix el risc de complicacions en pacients actius i disminueix el risc d&#8217;ull sec en comparaci\u00f3 del LASIK.<\/li><li>El postoperatori pot ser m\u00e9s inc\u00f2mode que en altres t\u00e8cniques, amb mol\u00e8sties i visi\u00f3 borrosa durant els primers dies, per\u00f2 la recuperaci\u00f3 visual \u00e9s gradual.<\/li><\/ul>\t\t\t\t\t\t\t\t<\/div>\n\t\t\t\t\t<\/div>\n\t\t\t\t<\/div>\n\t\t\t\t<\/div>\n\t\t","protected":false},"excerpt":{"rendered":"<p>Documentaci\u00f3 Explicaci\u00f3 de les tres t\u00e8cniques que realitzarem: PRK, LASIK i RELEX SMILE. Consentiment informat de PRK Consentiment informat de LASIK Consentiment informat de RELEX SMILE FemtoLASIK Les indicacions de la Femtolasik inclouen la correcci\u00f3 de miopia, hipermetropia i astigmatisme en persones majors de 18 anys amb una graduaci\u00f3 estable durant almenys un any. Tamb\u00e9 [&hellip;]<\/p>\n","protected":false},"author":1,"featured_media":0,"parent":0,"menu_order":0,"comment_status":"closed","ping_status":"closed","template":"","meta":{"_seopress_robots_primary_cat":"","_seopress_titles_title":"Documentaci\u00f3 refractiva Barcelona","_seopress_titles_desc":"Documentaci\u00f3 sobre els tractaments. Explicaci\u00f3 de les tres t\u00e8cniques que realitzarem: PRK, LASIK i RELEX SMILE.","_seopress_robots_index":"","footnotes":""},"class_list":["post-2160","page","type-page","status-publish","hentry"],"_links":{"self":[{"href":"https:\/\/eyesmilelaser.com\/ca\/wp-json\/wp\/v2\/pages\/2160","targetHints":{"allow":["GET"]}}],"collection":[{"href":"https:\/\/eyesmilelaser.com\/ca\/wp-json\/wp\/v2\/pages"}],"about":[{"href":"https:\/\/eyesmilelaser.com\/ca\/wp-json\/wp\/v2\/types\/page"}],"author":[{"embeddable":true,"href":"https:\/\/eyesmilelaser.com\/ca\/wp-json\/wp\/v2\/users\/1"}],"replies":[{"embeddable":true,"href":"https:\/\/eyesmilelaser.com\/ca\/wp-json\/wp\/v2\/comments?post=2160"}],"version-history":[{"count":11,"href":"https:\/\/eyesmilelaser.com\/ca\/wp-json\/wp\/v2\/pages\/2160\/revisions"}],"predecessor-version":[{"id":3341,"href":"https:\/\/eyesmilelaser.com\/ca\/wp-json\/wp\/v2\/pages\/2160\/revisions\/3341"}],"wp:attachment":[{"href":"https:\/\/eyesmilelaser.com\/ca\/wp-json\/wp\/v2\/media?parent=2160"}],"curies":[{"name":"wp","href":"https:\/\/api.w.org\/{rel}","templated":true}]}}